{"id":1014,"date":"2021-11-25T15:38:11","date_gmt":"2021-11-25T15:38:11","guid":{"rendered":"https:\/\/kits.themecy.com\/learn\/?page_id=13"},"modified":"2024-03-07T19:41:35","modified_gmt":"2024-03-07T19:41:35","slug":"faq","status":"publish","type":"page","link":"https:\/\/embayotomat.com\/?page_id=1014","title":{"rendered":"\u00d6DEME SE\u00c7ENEKLER\u0130"},"content":{"rendered":"<style>.kb-row-layout-id1014_c7d567-91 > .kt-row-column-wrap{align-content:start;}:where(.kb-row-layout-id1014_c7d567-91 > .kt-row-column-wrap) > .wp-block-kadence-column{justify-content:start;}.kb-row-layout-id1014_c7d567-91 > .kt-row-column-wrap{column-gap:var(--global-kb-gap-md, 2rem);row-gap:var(--global-kb-gap-md, 2rem);max-width:var( --global-content-width, 1290px );padding-left:var(--global-content-edge-padding);padding-right:var(--global-content-edge-padding);padding-top:20px;padding-bottom:20px;grid-template-columns:minmax(0, 1fr);}.kb-row-layout-id1014_c7d567-91 > .kt-row-layout-overlay{opacity:0.30;}@media all and (max-width: 1024px){.kb-row-layout-id1014_c7d567-91 > .kt-row-column-wrap{grid-template-columns:minmax(0, 1fr);}}@media all and (max-width: 767px){.kb-row-layout-id1014_c7d567-91 > .kt-row-column-wrap{grid-template-columns:minmax(0, 1fr);}}<\/style><div class=\"kb-row-layout-wrap kb-row-layout-id1014_c7d567-91 alignnone has-theme-palette7-background-color kt-row-has-bg wp-block-kadence-rowlayout\"><div class=\"kt-row-column-wrap kt-has-1-columns kt-row-layout-equal kt-tab-layout-inherit kt-mobile-layout-row kt-row-valign-top kb-theme-content-width\">\n<style>.kadence-column1014_30a38a-7d > .kt-inside-inner-col,.kadence-column1014_30a38a-7d > .kt-inside-inner-col:before{border-top-left-radius:0px;border-top-right-radius:0px;border-bottom-right-radius:0px;border-bottom-left-radius:0px;}.kadence-column1014_30a38a-7d > .kt-inside-inner-col{column-gap:var(--global-kb-gap-sm, 1rem);}.kadence-column1014_30a38a-7d > .kt-inside-inner-col{flex-direction:column;}.kadence-column1014_30a38a-7d > .kt-inside-inner-col > .aligncenter{width:100%;}.kadence-column1014_30a38a-7d > .kt-inside-inner-col:before{opacity:0.3;}.kadence-column1014_30a38a-7d{position:relative;}@media all and (max-width: 1024px){.kadence-column1014_30a38a-7d > .kt-inside-inner-col{flex-direction:column;}}@media all and (max-width: 767px){.kadence-column1014_30a38a-7d > .kt-inside-inner-col{flex-direction:column;}}<\/style>\n<div class=\"wp-block-kadence-column kadence-column1014_30a38a-7d inner-column-1\"><div class=\"kt-inside-inner-col\"><style>.wp-block-kadence-advancedheading.kt-adv-heading1014_5779ae-1f, .wp-block-kadence-advancedheading.kt-adv-heading1014_5779ae-1f[data-kb-block=\"kb-adv-heading1014_5779ae-1f\"]{text-align:center;font-style:normal;}.wp-block-kadence-advancedheading.kt-adv-heading1014_5779ae-1f mark, .wp-block-kadence-advancedheading.kt-adv-heading1014_5779ae-1f[data-kb-block=\"kb-adv-heading1014_5779ae-1f\"] mark{font-style:normal;color:#f76a0c;padding-top:0px;padding-right:0px;padding-bottom:0px;padding-left:0px;}@media all and (max-width: 767px){.wp-block-kadence-advancedheading.kt-adv-heading1014_5779ae-1f, .wp-block-kadence-advancedheading.kt-adv-heading1014_5779ae-1f[data-kb-block=\"kb-adv-heading1014_5779ae-1f\"]{font-size:40px;}}<\/style>\n<h1 class=\"kt-adv-heading1014_5779ae-1f wp-block-kadence-advancedheading\" data-kb-block=\"kb-adv-heading1014_5779ae-1f\">\u00d6DEME SE\u00c7ENEKLER\u0130<\/h1>\n\n\n<style>.wp-block-kadence-advancedheading.kt-adv-heading1014_fbdb59-10, .wp-block-kadence-advancedheading.kt-adv-heading1014_fbdb59-10[data-kb-block=\"kb-adv-heading1014_fbdb59-10\"]{text-align:center;font-style:normal;}.wp-block-kadence-advancedheading.kt-adv-heading1014_fbdb59-10 mark, .wp-block-kadence-advancedheading.kt-adv-heading1014_fbdb59-10[data-kb-block=\"kb-adv-heading1014_fbdb59-10\"] mark{font-style:normal;color:#f76a0c;padding-top:0px;padding-right:0px;padding-bottom:0px;padding-left:0px;}<\/style>\n<p class=\"kt-adv-heading1014_fbdb59-10 wp-block-kadence-advancedheading\" data-kb-block=\"kb-adv-heading1014_fbdb59-10\">Hizmet kalitemiz i\u00e7in teknoloji esast\u0131r. Bu y\u00fczden daima g\u00fcncel kalmak istiyoruz. <br>Geli\u015fen teknolojiler gsm, uydu ba\u011flant\u0131s\u0131 ile telemetry M2M ve cashless \u00e7\u00f6z\u00fcmler ile otomat i\u015fletmecili\u011fi \u00e7ok g\u00fc\u00e7l\u00fc bir perakende kanal\u0131n\u0131 do\u011furdu.<\/p>\n<\/div><\/div>\n\n<\/div><\/div>\n\n<style>.kb-row-layout-id1014_62912c-f9 > .kt-row-column-wrap{align-content:center;}:where(.kb-row-layout-id1014_62912c-f9 > .kt-row-column-wrap) > .wp-block-kadence-column{justify-content:center;}.kb-row-layout-id1014_62912c-f9 > .kt-row-column-wrap{column-gap:80px;row-gap:var(--global-kb-gap-md, 2rem);max-width:var( --global-content-width, 1290px );padding-left:var(--global-content-edge-padding);padding-right:var(--global-content-edge-padding);padding-top:80px;padding-bottom:80px;grid-template-columns:minmax(0, 1fr);}.kb-row-layout-id1014_62912c-f9 > .kt-row-layout-overlay{opacity:0.30;}@media all and (max-width: 1024px){.kb-row-layout-id1014_62912c-f9 > .kt-row-column-wrap{grid-template-columns:minmax(0, 1fr);}}@media all and (max-width: 767px){.kb-row-layout-id1014_62912c-f9 > .kt-row-column-wrap{grid-template-columns:minmax(0, 1fr);}}<\/style><div class=\"kb-row-layout-wrap kb-row-layout-id1014_62912c-f9 alignnone wp-block-kadence-rowlayout\"><div class=\"kt-row-column-wrap kt-has-1-columns kt-row-layout-equal kt-tab-layout-inherit kt-mobile-layout-row kt-row-valign-middle kb-theme-content-width\">\n<style>.kadence-column1014_b36b64-f2 > .kt-inside-inner-col,.kadence-column1014_b36b64-f2 > .kt-inside-inner-col:before{border-top-left-radius:0px;border-top-right-radius:0px;border-bottom-right-radius:0px;border-bottom-left-radius:0px;}.kadence-column1014_b36b64-f2 > .kt-inside-inner-col{column-gap:var(--global-kb-gap-sm, 1rem);}.kadence-column1014_b36b64-f2 > .kt-inside-inner-col{flex-direction:column;}.kadence-column1014_b36b64-f2 > .kt-inside-inner-col > .aligncenter{width:100%;}.kadence-column1014_b36b64-f2 > .kt-inside-inner-col:before{opacity:0.3;}.kadence-column1014_b36b64-f2{position:relative;}@media all and (max-width: 1024px){.kadence-column1014_b36b64-f2 > .kt-inside-inner-col{flex-direction:column;}}@media all and (max-width: 767px){.kadence-column1014_b36b64-f2 > .kt-inside-inner-col{flex-direction:column;}}<\/style>\n<div class=\"wp-block-kadence-column kadence-column1014_b36b64-f2 inner-column-1\"><div class=\"kt-inside-inner-col\">\n<p><strong>KRED\u0130 KARTLI OTOMAT\/ CASHLESS \u00c7\u00d6Z\u00dcMLER<\/strong><\/p>\n\n\n\n<p>T\u00fcm bankalar\u0131n kredi kartlar\u0131, Visa, Mastercard, PayWave, MasterPass,Bonus,Express, ve debit kartlar ile \u00e7al\u0131\u015fan swipe, temasl\u0131 ve temass\u0131z, EMV uyumlu kredi kart\u0131 okuyucumuz, online al\u0131\u015fveri\u015f yapman\u0131z\u0131 otomatlardan h\u0131zl\u0131 bir \u015fekilde sa\u011fl\u0131yor.<\/p>\n\n\n\n<p><strong>BOZUK PARALI OTOMAT<\/strong><\/p>\n\n\n\n<p>T\u00fcm bozuk paralar ile uyumlu \u00e7al\u0131\u015fan, Bozuk Para Okuyucumuz, para \u00fcst\u00fc verme \u00f6zelli\u011fine sahip, pratik bir \u00e7\u00f6z\u00fcm<\/p>\n\n\n\n<p><strong>KA\u011eIT PARALI OTOMAT<\/strong><\/p>\n\n\n\n<p><strong>M\u0130FARE KART,ID KART,YAKA KARTI,KAMP\u00dcS KART \/ CONTACLESS KAPALI DEVRE S\u0130STEM\u0130<\/strong><\/p>\n\n\n\n<p>Kalabal\u0131k i\u015fyerlerinde, fabrikalarda, \u00fcniversitelerde, g\u00fcvenlik ama\u00e7l\u0131, personelin turnike ve giri\u015f \u00e7\u0131k\u0131\u015flar kulland\u0131\u011f\u0131 smart kart, mifare kart, yaka kartlar\u0131na ayl\u0131k kont\u00f6r doldurabiliyoruz. Ayn\u0131 kart ile otomatlar\u0131 kullanabiliyorsunuz.<\/p>\n\n\n\n<p><strong>YEMEK KARTLI OTOMAT<\/strong><\/p>\n\n\n\n<p>Kulland\u0131\u011f\u0131n\u0131z yemek kartlar\u0131 ile otomatlar\u0131m\u0131z teknik alt yap\u0131 olarak uyumludur. Hangi yemek kart\u0131 markas\u0131n\u0131 kullan\u0131yorsan\u0131z, bu kart ile otomatlar\u0131m\u0131zdan al\u0131\u015fveri\u015f yapabilirsiniz.<\/p>\n\n\n\n<p><strong>OF\u0130S SICAK \u0130\u00c7ECEK OTOMAT H\u0130ZMET\u0130 \/ \u0130KRAM MODEL\u0130 OTOMAT<\/strong><\/p>\n\n\n\n<p>Personel ve misafirlerinizin, s\u0131cak i\u00e7ecek otomatlar\u0131ndan, hi\u00e7bir s\u0131n\u0131rlama olmaks\u0131z\u0131n yararlanmas\u0131n\u0131 istiyorsan\u0131z, ofis kahve otomat hizmeti, tam size g\u00f6re bir \u00e7\u00f6z\u00fcm. Periyodik aralarla otomat\u0131n digital sayac\u0131n\u0131n okunmas\u0131, bardak ba\u015f\u0131 t\u00fcketiminizin kontrol\u00fcn\u00fc sa\u011flar.<\/p>\n\n\n<style>.wp-block-kadence-advancedheading.kt-adv-heading1014_75e300-f1, .wp-block-kadence-advancedheading.kt-adv-heading1014_75e300-f1[data-kb-block=\"kb-adv-heading1014_75e300-f1\"]{font-style:normal;}.wp-block-kadence-advancedheading.kt-adv-heading1014_75e300-f1 mark, .wp-block-kadence-advancedheading.kt-adv-heading1014_75e300-f1[data-kb-block=\"kb-adv-heading1014_75e300-f1\"] mark{font-style:normal;color:#f76a0c;padding-top:0px;padding-right:0px;padding-bottom:0px;padding-left:0px;}<\/style>\n<p class=\"kt-adv-heading1014_75e300-f1 wp-block-kadence-advancedheading\" data-kb-block=\"kb-adv-heading1014_75e300-f1\"><a href=\"\"><\/a><\/p>\n<\/div><\/div>\n\n<\/div><\/div>","protected":false},"excerpt":{"rendered":"<p>\u00d6DEME SE\u00c7ENEKLER\u0130 Hizmet kalitemiz i\u00e7in teknoloji esast\u0131r. Bu y\u00fczden daima g\u00fcncel kalmak istiyoruz. Geli\u015fen teknolojiler gsm, uydu ba\u011flant\u0131s\u0131 ile telemetry M2M ve cashless \u00e7\u00f6z\u00fcmler ile otomat i\u015fletmecili\u011fi \u00e7ok g\u00fc\u00e7l\u00fc bir perakende kanal\u0131n\u0131 do\u011furdu. KRED\u0130 KARTLI OTOMAT\/ CASHLESS \u00c7\u00d6Z\u00dcMLER T\u00fcm bankalar\u0131n kredi kartlar\u0131, Visa, Mastercard, PayWave, MasterPass,Bonus,Express, ve debit kartlar ile \u00e7al\u0131\u015fan swipe, temasl\u0131 ve temass\u0131z,&#8230;<\/p>\n","protected":false},"author":1,"featured_media":974,"parent":0,"menu_order":0,"comment_status":"closed","ping_status":"closed","template":"","meta":{"_kadence_starter_templates_imported_post":true,"_kad_post_transparent":"","_kad_post_title":"hide","_kad_post_layout":"fullwidth","_kad_post_sidebar_id":"","_kad_post_content_style":"unboxed","_kad_post_vertical_padding":"hide","_kad_post_feature":"hide","_kad_post_feature_position":"","_kad_post_header":false,"_kad_post_footer":false,"footnotes":""},"_links":{"self":[{"href":"https:\/\/embayotomat.com\/index.php?rest_route=\/wp\/v2\/pages\/1014"}],"collection":[{"href":"https:\/\/embayotomat.com\/index.php?rest_route=\/wp\/v2\/pages"}],"about":[{"href":"https:\/\/embayotomat.com\/index.php?rest_route=\/wp\/v2\/types\/page"}],"author":[{"embeddable":true,"href":"https:\/\/embayotomat.com\/index.php?rest_route=\/wp\/v2\/users\/1"}],"replies":[{"embeddable":true,"href":"https:\/\/embayotomat.com\/index.php?rest_route=%2Fwp%2Fv2%2Fcomments&post=1014"}],"version-history":[{"count":3,"href":"https:\/\/embayotomat.com\/index.php?rest_route=\/wp\/v2\/pages\/1014\/revisions"}],"predecessor-version":[{"id":1102,"href":"https:\/\/embayotomat.com\/index.php?rest_route=\/wp\/v2\/pages\/1014\/revisions\/1102"}],"wp:featuredmedia":[{"embeddable":true,"href":"https:\/\/embayotomat.com\/index.php?rest_route=\/wp\/v2\/media\/974"}],"wp:attachment":[{"href":"https:\/\/embayotomat.com\/index.php?rest_route=%2Fwp%2Fv2%2Fmedia&parent=1014"}],"curies":[{"name":"wp","href":"https:\/\/api.w.org\/{rel}","templated":true}]}}