{"id":1011,"date":"2021-11-25T15:37:19","date_gmt":"2021-11-25T15:37:19","guid":{"rendered":"https:\/\/kits.themecy.com\/learn\/?page_id=10"},"modified":"2024-07-17T08:28:37","modified_gmt":"2024-07-17T08:28:37","slug":"about","status":"publish","type":"page","link":"https:\/\/embayotomat.com\/?page_id=1011","title":{"rendered":"KURUMSAL"},"content":{"rendered":"<style>.kb-row-layout-id1011_bff5b2-0a > .kt-row-column-wrap{align-content:start;}:where(.kb-row-layout-id1011_bff5b2-0a > .kt-row-column-wrap) > .wp-block-kadence-column{justify-content:start;}.kb-row-layout-id1011_bff5b2-0a > .kt-row-column-wrap{column-gap:var(--global-kb-gap-md, 2rem);row-gap:var(--global-kb-gap-md, 2rem);max-width:var( --global-content-width, 1290px );padding-left:var(--global-content-edge-padding);padding-right:var(--global-content-edge-padding);padding-top:20px;padding-bottom:20px;grid-template-columns:minmax(0, 1fr);}.kb-row-layout-id1011_bff5b2-0a > .kt-row-layout-overlay{opacity:0.30;}@media all and (max-width: 1024px){.kb-row-layout-id1011_bff5b2-0a > .kt-row-column-wrap{grid-template-columns:minmax(0, 1fr);}}@media all and (max-width: 767px){.kb-row-layout-id1011_bff5b2-0a > .kt-row-column-wrap{grid-template-columns:minmax(0, 1fr);}}<\/style><div class=\"kb-row-layout-wrap kb-row-layout-id1011_bff5b2-0a alignnone has-theme-palette7-background-color kt-row-has-bg wp-block-kadence-rowlayout\"><div class=\"kt-row-column-wrap kt-has-1-columns kt-row-layout-equal kt-tab-layout-inherit kt-mobile-layout-row kt-row-valign-top kb-theme-content-width\">\n<style>.kadence-column1011_dbe7d2-17 > .kt-inside-inner-col,.kadence-column1011_dbe7d2-17 > .kt-inside-inner-col:before{border-top-left-radius:0px;border-top-right-radius:0px;border-bottom-right-radius:0px;border-bottom-left-radius:0px;}.kadence-column1011_dbe7d2-17 > .kt-inside-inner-col{column-gap:var(--global-kb-gap-sm, 1rem);}.kadence-column1011_dbe7d2-17 > .kt-inside-inner-col{flex-direction:column;}.kadence-column1011_dbe7d2-17 > .kt-inside-inner-col > .aligncenter{width:100%;}.kadence-column1011_dbe7d2-17 > .kt-inside-inner-col:before{opacity:0.3;}.kadence-column1011_dbe7d2-17{position:relative;}@media all and (max-width: 1024px){.kadence-column1011_dbe7d2-17 > .kt-inside-inner-col{flex-direction:column;}}@media all and (max-width: 767px){.kadence-column1011_dbe7d2-17 > .kt-inside-inner-col{flex-direction:column;}}<\/style>\n<div class=\"wp-block-kadence-column kadence-column1011_dbe7d2-17 inner-column-1\"><div class=\"kt-inside-inner-col\"><style>.wp-block-kadence-advancedheading.kt-adv-heading1011_3a4bcc-9c, .wp-block-kadence-advancedheading.kt-adv-heading1011_3a4bcc-9c[data-kb-block=\"kb-adv-heading1011_3a4bcc-9c\"]{text-align:center;font-style:normal;}.wp-block-kadence-advancedheading.kt-adv-heading1011_3a4bcc-9c mark, .wp-block-kadence-advancedheading.kt-adv-heading1011_3a4bcc-9c[data-kb-block=\"kb-adv-heading1011_3a4bcc-9c\"] mark{font-style:normal;color:#f76a0c;padding-top:0px;padding-right:0px;padding-bottom:0px;padding-left:0px;}@media all and (max-width: 767px){.wp-block-kadence-advancedheading.kt-adv-heading1011_3a4bcc-9c, .wp-block-kadence-advancedheading.kt-adv-heading1011_3a4bcc-9c[data-kb-block=\"kb-adv-heading1011_3a4bcc-9c\"]{font-size:40px;}}<\/style>\n<h1 class=\"kt-adv-heading1011_3a4bcc-9c wp-block-kadence-advancedheading\" data-kb-block=\"kb-adv-heading1011_3a4bcc-9c\">EMBAY OTOMAT<\/h1>\n\n\n<style>.wp-block-kadence-advancedheading.kt-adv-heading1011_b7ed44-0c, .wp-block-kadence-advancedheading.kt-adv-heading1011_b7ed44-0c[data-kb-block=\"kb-adv-heading1011_b7ed44-0c\"]{text-align:center;font-style:normal;}.wp-block-kadence-advancedheading.kt-adv-heading1011_b7ed44-0c mark, .wp-block-kadence-advancedheading.kt-adv-heading1011_b7ed44-0c[data-kb-block=\"kb-adv-heading1011_b7ed44-0c\"] mark{font-style:normal;color:#f76a0c;padding-top:0px;padding-right:0px;padding-bottom:0px;padding-left:0px;}<\/style>\n<p class=\"kt-adv-heading1011_b7ed44-0c wp-block-kadence-advancedheading\" data-kb-block=\"kb-adv-heading1011_b7ed44-0c\">2019 y\u0131l\u0131nda Otomat \u0130\u015fletmeleri alan\u0131nda hizmet vermek amac\u0131yla kurulmu\u015ftur. Herkesin daha iyi, daha sa\u011fl\u0131kl\u0131 ve ayn\u0131 zamanda daha kaliteli ve pratik hizmet almas\u0131n\u0131 hedefleyen firmam\u0131z, Ofisler, fabrikalar, hastaneler, \u00e7a\u011fr\u0131 merkezleri, okullar, \u00fcniversiteler, spor salonlar\u0131 ,al\u0131\u015fveri\u015f Merkezleri, benzin istasyonlar\u0131 kamu ve \u00f6zel kurumlara son teknoloji otomatlar kurmaktad\u0131r.<\/p>\n<\/div><\/div>\n\n<\/div><\/div>\n\n<style>.kb-row-layout-id1011_5c5177-26 > .kt-row-column-wrap{align-content:center;}:where(.kb-row-layout-id1011_5c5177-26 > .kt-row-column-wrap) > .wp-block-kadence-column{justify-content:center;}.kb-row-layout-id1011_5c5177-26 > .kt-row-column-wrap{column-gap:var(--global-kb-gap-md, 2rem);row-gap:var(--global-kb-gap-md, 2rem);max-width:var( --global-content-width, 1290px );padding-left:var(--global-content-edge-padding);padding-right:var(--global-content-edge-padding);padding-top:80px;padding-bottom:80px;grid-template-columns:minmax(0, 1fr) minmax(0, 1fr) minmax(0, 2fr);}.kb-row-layout-id1011_5c5177-26 > .kt-row-layout-overlay{opacity:0.30;}@media all and (max-width: 1024px){.kb-row-layout-id1011_5c5177-26 > .kt-row-column-wrap > *:nth-child(3n of *:not(style)){grid-column:1 \/ -1;}}@media all and (max-width: 1024px){.kb-row-layout-id1011_5c5177-26 > .kt-row-column-wrap{grid-template-columns:repeat(2, minmax(0, 1fr));}}@media all and (max-width: 767px){.kb-row-layout-id1011_5c5177-26 > .kt-row-column-wrap{grid-template-columns:minmax(0, 1fr);}}<\/style><div class=\"kb-row-layout-wrap kb-row-layout-id1011_5c5177-26 alignnone wp-block-kadence-rowlayout\"><div class=\"kt-row-column-wrap kt-has-3-columns kt-row-layout-right-half kt-tab-layout-last-row kt-mobile-layout-row kt-row-valign-middle kb-theme-content-width\">\n<style>.kadence-column1011_91b439-2b > .kt-inside-inner-col,.kadence-column1011_91b439-2b > .kt-inside-inner-col:before{border-top-left-radius:0px;border-top-right-radius:0px;border-bottom-right-radius:0px;border-bottom-left-radius:0px;}.kadence-column1011_91b439-2b > .kt-inside-inner-col{column-gap:var(--global-kb-gap-sm, 1rem);}.kadence-column1011_91b439-2b > .kt-inside-inner-col{flex-direction:column;}.kadence-column1011_91b439-2b > .kt-inside-inner-col > .aligncenter{width:100%;}.kadence-column1011_91b439-2b > .kt-inside-inner-col:before{opacity:0.3;}.kadence-column1011_91b439-2b{position:relative;}@media all and (max-width: 1024px){.kadence-column1011_91b439-2b > .kt-inside-inner-col{flex-direction:column;}}@media all and (max-width: 767px){.kadence-column1011_91b439-2b > .kt-inside-inner-col{flex-direction:column;}}<\/style>\n<div class=\"wp-block-kadence-column kadence-column1011_91b439-2b inner-column-1\"><div class=\"kt-inside-inner-col\"><style>.kb-image1011_7d9b84-72 .kb-image-has-overlay:after{opacity:0.3;}<\/style>\n<figure class=\"wp-block-kadence-image kb-image1011_7d9b84-72\"><img loading=\"lazy\" decoding=\"async\" width=\"449\" height=\"452\" src=\"http:\/\/embayotomat.com\/wp-content\/uploads\/2024\/03\/cocuk.jpg\" alt=\"\" class=\"kb-img wp-image-1063\" srcset=\"https:\/\/embayotomat.com\/wp-content\/uploads\/2024\/03\/cocuk.jpg 449w, https:\/\/embayotomat.com\/wp-content\/uploads\/2024\/03\/cocuk-298x300.jpg 298w, https:\/\/embayotomat.com\/wp-content\/uploads\/2024\/03\/cocuk-150x150.jpg 150w, https:\/\/embayotomat.com\/wp-content\/uploads\/2024\/03\/cocuk-50x50.jpg 50w\" sizes=\"(max-width: 449px) 100vw, 449px\" \/><\/figure>\n\n\n<style>.wp-block-kadence-advancedheading.kt-adv-heading1011_73de0d-4d, .wp-block-kadence-advancedheading.kt-adv-heading1011_73de0d-4d[data-kb-block=\"kb-adv-heading1011_73de0d-4d\"]{padding-top:0px;padding-bottom:0px;margin-top:0px;margin-bottom:10px;text-align:center;font-size:80px;font-style:normal;}.wp-block-kadence-advancedheading.kt-adv-heading1011_73de0d-4d mark, .wp-block-kadence-advancedheading.kt-adv-heading1011_73de0d-4d[data-kb-block=\"kb-adv-heading1011_73de0d-4d\"] mark{font-style:normal;color:#f76a0c;padding-top:0px;padding-right:0px;padding-bottom:0px;padding-left:0px;}<\/style>\n<h2 class=\"kt-adv-heading1011_73de0d-4d wp-block-kadence-advancedheading has-theme-palette-1-color has-text-color\" data-kb-block=\"kb-adv-heading1011_73de0d-4d\">100%<\/h2>\n\n\n<style>.wp-block-kadence-advancedheading.kt-adv-heading1011_2813c9-ab, .wp-block-kadence-advancedheading.kt-adv-heading1011_2813c9-ab[data-kb-block=\"kb-adv-heading1011_2813c9-ab\"]{text-align:center;font-style:normal;}.wp-block-kadence-advancedheading.kt-adv-heading1011_2813c9-ab mark, .wp-block-kadence-advancedheading.kt-adv-heading1011_2813c9-ab[data-kb-block=\"kb-adv-heading1011_2813c9-ab\"] mark{font-style:normal;color:#f76a0c;padding-top:0px;padding-right:0px;padding-bottom:0px;padding-left:0px;}<\/style>\n<h6 class=\"kt-adv-heading1011_2813c9-ab wp-block-kadence-advancedheading has-theme-palette-3-color has-text-color\" data-kb-block=\"kb-adv-heading1011_2813c9-ab\"><strong>M\u00dc\u015eTER\u0130 MEMNUN\u0130YET\u0130<\/strong><\/h6>\n<\/div><\/div>\n\n\n<style>.kadence-column1011_48d8f3-ac > .kt-inside-inner-col,.kadence-column1011_48d8f3-ac > .kt-inside-inner-col:before{border-top-left-radius:0px;border-top-right-radius:0px;border-bottom-right-radius:0px;border-bottom-left-radius:0px;}.kadence-column1011_48d8f3-ac > .kt-inside-inner-col{column-gap:var(--global-kb-gap-sm, 1rem);}.kadence-column1011_48d8f3-ac > .kt-inside-inner-col{flex-direction:column;}.kadence-column1011_48d8f3-ac > .kt-inside-inner-col > .aligncenter{width:100%;}.kadence-column1011_48d8f3-ac > .kt-inside-inner-col:before{opacity:0.3;}.kadence-column1011_48d8f3-ac{position:relative;}@media all and (max-width: 1024px){.kadence-column1011_48d8f3-ac > .kt-inside-inner-col{flex-direction:column;}}@media all and (max-width: 767px){.kadence-column1011_48d8f3-ac > .kt-inside-inner-col{flex-direction:column;}}<\/style>\n<div class=\"wp-block-kadence-column kadence-column1011_48d8f3-ac inner-column-2\"><div class=\"kt-inside-inner-col\"><style>.wp-block-kadence-advancedheading.kt-adv-heading1011_b0ec7b-57, .wp-block-kadence-advancedheading.kt-adv-heading1011_b0ec7b-57[data-kb-block=\"kb-adv-heading1011_b0ec7b-57\"]{padding-top:0px;padding-bottom:0px;margin-top:0px;margin-bottom:10px;text-align:center;font-size:80px;font-style:normal;}.wp-block-kadence-advancedheading.kt-adv-heading1011_b0ec7b-57 mark, .wp-block-kadence-advancedheading.kt-adv-heading1011_b0ec7b-57[data-kb-block=\"kb-adv-heading1011_b0ec7b-57\"] mark{font-style:normal;color:#f76a0c;padding-top:0px;padding-right:0px;padding-bottom:0px;padding-left:0px;}<\/style>\n<h2 class=\"kt-adv-heading1011_b0ec7b-57 wp-block-kadence-advancedheading has-theme-palette-1-color has-text-color\" data-kb-block=\"kb-adv-heading1011_b0ec7b-57\">2019<\/h2>\n\n\n<style>.wp-block-kadence-advancedheading.kt-adv-heading1011_78ee9a-3f, .wp-block-kadence-advancedheading.kt-adv-heading1011_78ee9a-3f[data-kb-block=\"kb-adv-heading1011_78ee9a-3f\"]{margin-bottom:40px;text-align:center;font-style:normal;}.wp-block-kadence-advancedheading.kt-adv-heading1011_78ee9a-3f mark, .wp-block-kadence-advancedheading.kt-adv-heading1011_78ee9a-3f[data-kb-block=\"kb-adv-heading1011_78ee9a-3f\"] mark{font-style:normal;color:#f76a0c;padding-top:0px;padding-right:0px;padding-bottom:0px;padding-left:0px;}<\/style>\n<h3 class=\"kt-adv-heading1011_78ee9a-3f wp-block-kadence-advancedheading has-theme-palette-3-color has-text-color\" data-kb-block=\"kb-adv-heading1011_78ee9a-3f\">YILINDAN BER\u0130<\/h3>\n\n\n<style>.kb-image1011_419821-f5 .kb-image-has-overlay:after{opacity:0.3;}<\/style>\n<figure class=\"wp-block-kadence-image kb-image1011_419821-f5\"><img loading=\"lazy\" decoding=\"async\" width=\"450\" height=\"456\" src=\"http:\/\/embayotomat.com\/wp-content\/uploads\/2024\/03\/uzat.jpg\" alt=\"\" class=\"kb-img wp-image-1058\" srcset=\"https:\/\/embayotomat.com\/wp-content\/uploads\/2024\/03\/uzat.jpg 450w, https:\/\/embayotomat.com\/wp-content\/uploads\/2024\/03\/uzat-296x300.jpg 296w, https:\/\/embayotomat.com\/wp-content\/uploads\/2024\/03\/uzat-50x50.jpg 50w\" sizes=\"(max-width: 450px) 100vw, 450px\" \/><\/figure>\n<\/div><\/div>\n\n\n<style>.kadence-column1011_6751d4-5c > .kt-inside-inner-col{padding-left:40px;}.kadence-column1011_6751d4-5c > .kt-inside-inner-col,.kadence-column1011_6751d4-5c > .kt-inside-inner-col:before{border-top-left-radius:0px;border-top-right-radius:0px;border-bottom-right-radius:0px;border-bottom-left-radius:0px;}.kadence-column1011_6751d4-5c > .kt-inside-inner-col{column-gap:var(--global-kb-gap-sm, 1rem);}.kadence-column1011_6751d4-5c > .kt-inside-inner-col{flex-direction:column;}.kadence-column1011_6751d4-5c > .kt-inside-inner-col > .aligncenter{width:100%;}.kadence-column1011_6751d4-5c > .kt-inside-inner-col:before{opacity:0.3;}.kadence-column1011_6751d4-5c{position:relative;}@media all and (max-width: 1024px){.kadence-column1011_6751d4-5c > .kt-inside-inner-col{flex-direction:column;}}@media all and (max-width: 767px){.kadence-column1011_6751d4-5c > .kt-inside-inner-col{padding-left:0px;flex-direction:column;}}<\/style>\n<div class=\"wp-block-kadence-column kadence-column1011_6751d4-5c inner-column-3\"><div class=\"kt-inside-inner-col\">\n<p>Y\u00fcksek hijyenik standartlar ve g\u0131da sa\u011fl\u0131\u011f\u0131na vurgu yaparak otomat alan\u0131nda hizmet vermenin gururunu ya\u015famaktad\u0131r.<\/p>\n\n\n\n<p>Amac\u0131m\u0131z<\/p>\n\n\n\n<ul>\n<li>Yenilik\u00e7i \u00e7\u00f6z\u00fcmler i\u00e7in ve Ar-Ge \u00e7al\u0131\u015fmalar\u0131 yapmak<\/li>\n\n\n\n<li>\u0130nsana, topluma ve \u00e7evreye sayg\u0131l\u0131 s\u00fcrd\u00fcr\u00fclebilir teknolojik at\u0131l\u0131mlar ger\u00e7ekle\u015ftirmek<\/li>\n\n\n\n<li>Her \u00e7al\u0131\u015fan\u0131m\u0131z\u0131n i\u015f g\u00fcc\u00fcn\u00fcn \u015firketimiz ve \u00fclkemiz ekonomisine de\u011fer kataca\u011f\u0131ndan emin olarak d\u00fcr\u00fcst ve \u015feffaf ilkelerle \u015firketimizi y\u00f6netmek<\/li>\n\n\n\n<li>\u00dcr\u00fcn odakl\u0131 ger\u00e7ek \u00e7\u00f6z\u00fcmleri proaktif bir \u015fekilde kamu ve \u00f6zel kurumlara sunmak<\/li>\n\n\n\n<li>\u00c7al\u0131\u015fmalar\u0131m\u0131z\u0131 g\u00fcvenirlik, bilimsel, kurumsal profesyonel y\u00fcr\u00fctmek<\/li>\n<\/ul>\n\n\n<style>.wp-block-kadence-advancedbtn.kb-btns1011_42e0a2-79{gap:var(--global-kb-gap-xs, 0.5rem );justify-content:flex-start;align-items:center;}.kt-btns1011_42e0a2-79 .kt-button{font-weight:normal;font-style:normal;}<\/style>\n<div class=\"wp-block-kadence-advancedbtn kb-buttons-wrap kb-btns1011_42e0a2-79\"><style>ul.menu .wp-block-kadence-advancedbtn .kb-btn1011_32d5a0-1e.kb-button{width:initial;}@media all and (max-width: 1024px){.kb-btn1011_32d5a0-1e.kb-button .kb-svg-icon-wrap{display:block;}}<\/style><a class=\"kb-button kt-button button kb-btn1011_32d5a0-1e kt-btn-size-standard kt-btn-width-type-auto kb-btn-global-inherit kt-btn-has-text-true kt-btn-has-svg-false wp-block-button__link wp-block-kadence-singlebtn\" href=\"https:\/\/embayotomat.com\/?page_id=1010\"><span class=\"kt-btn-inner-text\">B\u0130ZE ULA\u015eIN<\/span><\/a><\/div>\n<\/div><\/div>\n\n<\/div><\/div>","protected":false},"excerpt":{"rendered":"<p>EMBAY OTOMAT 2019 y\u0131l\u0131nda Otomat \u0130\u015fletmeleri alan\u0131nda hizmet vermek amac\u0131yla kurulmu\u015ftur. Herkesin daha iyi, daha sa\u011fl\u0131kl\u0131 ve ayn\u0131 zamanda daha kaliteli ve pratik hizmet almas\u0131n\u0131 hedefleyen firmam\u0131z, Ofisler, fabrikalar, hastaneler, \u00e7a\u011fr\u0131 merkezleri, okullar, \u00fcniversiteler, spor salonlar\u0131 ,al\u0131\u015fveri\u015f Merkezleri, benzin istasyonlar\u0131 kamu ve \u00f6zel kurumlara son teknoloji otomatlar kurmaktad\u0131r. 100% M\u00dc\u015eTER\u0130 MEMNUN\u0130YET\u0130 2019 YILINDAN BER\u0130 Y\u00fcksek&#8230;<\/p>\n","protected":false},"author":1,"featured_media":956,"parent":0,"menu_order":0,"comment_status":"closed","ping_status":"closed","template":"","meta":{"_kadence_starter_templates_imported_post":true,"_kad_post_transparent":"","_kad_post_title":"hide","_kad_post_layout":"fullwidth","_kad_post_sidebar_id":"","_kad_post_content_style":"unboxed","_kad_post_vertical_padding":"hide","_kad_post_feature":"hide","_kad_post_feature_position":"","_kad_post_header":false,"_kad_post_footer":false,"footnotes":""},"_links":{"self":[{"href":"https:\/\/embayotomat.com\/index.php?rest_route=\/wp\/v2\/pages\/1011"}],"collection":[{"href":"https:\/\/embayotomat.com\/index.php?rest_route=\/wp\/v2\/pages"}],"about":[{"href":"https:\/\/embayotomat.com\/index.php?rest_route=\/wp\/v2\/types\/page"}],"author":[{"embeddable":true,"href":"https:\/\/embayotomat.com\/index.php?rest_route=\/wp\/v2\/users\/1"}],"replies":[{"embeddable":true,"href":"https:\/\/embayotomat.com\/index.php?rest_route=%2Fwp%2Fv2%2Fcomments&post=1011"}],"version-history":[{"count":5,"href":"https:\/\/embayotomat.com\/index.php?rest_route=\/wp\/v2\/pages\/1011\/revisions"}],"predecessor-version":[{"id":1153,"href":"https:\/\/embayotomat.com\/index.php?rest_route=\/wp\/v2\/pages\/1011\/revisions\/1153"}],"wp:featuredmedia":[{"embeddable":true,"href":"https:\/\/embayotomat.com\/index.php?rest_route=\/wp\/v2\/media\/956"}],"wp:attachment":[{"href":"https:\/\/embayotomat.com\/index.php?rest_route=%2Fwp%2Fv2%2Fmedia&parent=1011"}],"curies":[{"name":"wp","href":"https:\/\/api.w.org\/{rel}","templated":true}]}}