{"id":1010,"date":"2021-11-25T15:37:11","date_gmt":"2021-11-25T15:37:11","guid":{"rendered":"https:\/\/kits.themecy.com\/learn\/?page_id=9"},"modified":"2025-02-07T19:38:30","modified_gmt":"2025-02-07T16:38:30","slug":"contact","status":"publish","type":"page","link":"https:\/\/embayotomat.com\/?page_id=1010","title":{"rendered":"\u0130LET\u0130\u015e\u0130M"},"content":{"rendered":"<style>.kb-row-layout-id1010_787df0-03 > .kt-row-column-wrap{align-content:start;}:where(.kb-row-layout-id1010_787df0-03 > .kt-row-column-wrap) > .wp-block-kadence-column{justify-content:start;}.kb-row-layout-id1010_787df0-03 > .kt-row-column-wrap{column-gap:var(--global-kb-gap-md, 2rem);row-gap:var(--global-kb-gap-md, 2rem);max-width:var( --global-content-width, 1290px );padding-left:var(--global-content-edge-padding);padding-right:var(--global-content-edge-padding);padding-top:35px;padding-bottom:31px;grid-template-columns:minmax(0, 1fr);}.kb-row-layout-id1010_787df0-03 > .kt-row-layout-overlay{opacity:0.00;background-color:var(--global-palette3, #1A202C);}@media all and (max-width: 1024px){.kb-row-layout-id1010_787df0-03 > .kt-row-column-wrap{grid-template-columns:minmax(0, 1fr);}}@media all and (max-width: 767px){.kb-row-layout-id1010_787df0-03 > .kt-row-column-wrap{grid-template-columns:minmax(0, 1fr);}.kb-row-layout-wrap.wp-block-kadence-rowlayout.kb-row-layout-id1010_787df0-03{background-image:url('http:\/\/embayotomat.com\/wp-content\/uploads\/2022\/01\/pexels-vlada-karpovich-4823235.jpg');background-size:cover;background-position:76% 55.00000000000001%;background-attachment:scroll;background-repeat:no-repeat;}}<\/style><div class=\"kb-row-layout-wrap kb-row-layout-id1010_787df0-03 alignnone has-theme-palette7-background-color kt-row-has-bg wp-block-kadence-rowlayout\"><div class=\"kt-row-layout-overlay kt-row-overlay-normal\"><\/div><div class=\"kt-row-column-wrap kt-has-1-columns kt-row-layout-equal kt-tab-layout-inherit kt-mobile-layout-row kt-row-valign-top kb-theme-content-width\">\n<style>.kadence-column1010_0cea51-eb > .kt-inside-inner-col,.kadence-column1010_0cea51-eb > .kt-inside-inner-col:before{border-top-left-radius:0px;border-top-right-radius:0px;border-bottom-right-radius:0px;border-bottom-left-radius:0px;}.kadence-column1010_0cea51-eb > .kt-inside-inner-col{column-gap:var(--global-kb-gap-sm, 1rem);}.kadence-column1010_0cea51-eb > .kt-inside-inner-col{flex-direction:column;}.kadence-column1010_0cea51-eb > .kt-inside-inner-col > .aligncenter{width:100%;}.kadence-column1010_0cea51-eb > .kt-inside-inner-col:before{opacity:0.3;}.kadence-column1010_0cea51-eb{position:relative;}@media all and (max-width: 1024px){.kadence-column1010_0cea51-eb > .kt-inside-inner-col{flex-direction:column;}}@media all and (max-width: 767px){.kadence-column1010_0cea51-eb > .kt-inside-inner-col{flex-direction:column;}}<\/style>\n<div class=\"wp-block-kadence-column kadence-column1010_0cea51-eb inner-column-1\"><div class=\"kt-inside-inner-col\"><style>.wp-block-kadence-advancedheading.kt-adv-heading1010_17faea-65, .wp-block-kadence-advancedheading.kt-adv-heading1010_17faea-65[data-kb-block=\"kb-adv-heading1010_17faea-65\"]{text-align:center;font-style:normal;}.wp-block-kadence-advancedheading.kt-adv-heading1010_17faea-65 mark, .wp-block-kadence-advancedheading.kt-adv-heading1010_17faea-65[data-kb-block=\"kb-adv-heading1010_17faea-65\"] mark{font-style:normal;color:#f76a0c;padding-top:0px;padding-right:0px;padding-bottom:0px;padding-left:0px;}@media all and (max-width: 767px){.wp-block-kadence-advancedheading.kt-adv-heading1010_17faea-65, .wp-block-kadence-advancedheading.kt-adv-heading1010_17faea-65[data-kb-block=\"kb-adv-heading1010_17faea-65\"]{font-size:40px;}}<\/style>\n<h1 class=\"kt-adv-heading1010_17faea-65 wp-block-kadence-advancedheading has-theme-palette-3-color has-text-color\" data-kb-block=\"kb-adv-heading1010_17faea-65\">B\u0130ZE ULA\u015eIN<\/h1>\n<\/div><\/div>\n\n<\/div><\/div>\n\n<style>.kb-row-layout-wrap.wp-block-kadence-rowlayout.kb-row-layout-id1010_3c6b34-cb{margin-top:0px;margin-bottom:0px;}.kb-row-layout-id1010_3c6b34-cb > .kt-row-column-wrap{align-content:start;}:where(.kb-row-layout-id1010_3c6b34-cb > .kt-row-column-wrap) > .wp-block-kadence-column{justify-content:start;}.kb-row-layout-id1010_3c6b34-cb > .kt-row-column-wrap{column-gap:var(--global-kb-gap-none, 0rem );row-gap:var(--global-kb-gap-md, 2rem);max-width:var( --global-content-width, 1290px );padding-left:var(--global-content-edge-padding);padding-right:var(--global-content-edge-padding);padding-top:0px;padding-bottom:0px;grid-template-columns:repeat(4, minmax(0, 1fr));}.kb-row-layout-id1010_3c6b34-cb > .kt-row-layout-overlay{opacity:0.30;}@media all and (max-width: 1024px){.kb-row-layout-id1010_3c6b34-cb > .kt-row-column-wrap{grid-template-columns:repeat(4, minmax(0, 1fr));}}@media all and (max-width: 767px){.kb-row-layout-id1010_3c6b34-cb > .kt-row-column-wrap{grid-template-columns:minmax(0, 1fr);}}<\/style><div class=\"kb-row-layout-wrap kb-row-layout-id1010_3c6b34-cb alignnone wp-block-kadence-rowlayout\"><div class=\"kt-row-column-wrap kt-has-4-columns kt-row-layout-equal kt-tab-layout-inherit kt-mobile-layout-row kt-row-valign-top kb-theme-content-width\">\n<style>.kadence-column1010_7b9df1-4b, .kt-inside-inner-col > .kadence-column1010_7b9df1-4b:not(.specificity){margin-top:0px;margin-bottom:0px;}.kadence-column1010_7b9df1-4b > .kt-inside-inner-col{padding-top:0px;padding-bottom:0px;}.kadence-column1010_7b9df1-4b > .kt-inside-inner-col,.kadence-column1010_7b9df1-4b > .kt-inside-inner-col:before{border-top-left-radius:0px;border-top-right-radius:0px;border-bottom-right-radius:0px;border-bottom-left-radius:0px;}.kadence-column1010_7b9df1-4b > .kt-inside-inner-col{column-gap:var(--global-kb-gap-sm, 1rem);}.kadence-column1010_7b9df1-4b > .kt-inside-inner-col{flex-direction:column;}.kadence-column1010_7b9df1-4b > .kt-inside-inner-col > .aligncenter{width:100%;}.kadence-column1010_7b9df1-4b > .kt-inside-inner-col:before{opacity:0.3;}.kadence-column1010_7b9df1-4b{position:relative;}@media all and (max-width: 1024px){.kadence-column1010_7b9df1-4b > .kt-inside-inner-col{flex-direction:column;}}@media all and (max-width: 767px){.kadence-column1010_7b9df1-4b > .kt-inside-inner-col{flex-direction:column;}}<\/style>\n<div class=\"wp-block-kadence-column kadence-column1010_7b9df1-4b inner-column-1\"><div class=\"kt-inside-inner-col\"><style>.kt-info-box1010_f77081-c3 .kt-blocks-info-box-link-wrap{border-top-left-radius:0px;border-top-right-radius:0px;border-bottom-right-radius:0px;border-bottom-left-radius:0px;background:var(--global-palette9, #ffffff);padding-top:60px;padding-right:60px;padding-bottom:60px;padding-left:60px;margin-top:0px;margin-bottom:0px;}.kt-info-box1010_f77081-c3 .kt-blocks-info-box-link-wrap:hover{background:var(--global-palette8, #F7FAFC);}.kt-info-box1010_f77081-c3 .kadence-info-box-icon-container .kt-info-svg-icon, .kt-info-box1010_f77081-c3 .kt-info-svg-icon-flip, .kt-info-box1010_f77081-c3 .kt-blocks-info-box-number{font-size:30px;}.kt-info-box1010_f77081-c3 .kt-blocks-info-box-media{color:var(--global-palette9, #ffffff);background:var(--global-palette1, #3182CE);border-radius:200px;border-top-width:0px;border-right-width:0px;border-bottom-width:0px;border-left-width:0px;padding-top:20px;padding-right:20px;padding-bottom:20px;padding-left:20px;}.kt-info-box1010_f77081-c3 .kt-blocks-info-box-media-container{margin-top:0px;margin-right:15px;margin-bottom:10px;margin-left:15px;}.kt-info-box1010_f77081-c3 .kt-blocks-info-box-media .kadence-info-box-image-intrisic img{border-radius:200px;}.kt-info-box1010_f77081-c3 .kt-blocks-info-box-link-wrap:hover .kt-blocks-info-box-media{color:var(--global-palette9, #ffffff);background:var(--global-palette1, #3182CE);}.kt-info-box1010_f77081-c3 .kt-infobox-textcontent h6.kt-blocks-info-box-title{color:var(--global-palette3, #1A202C);padding-top:0px;padding-right:0px;padding-bottom:0px;padding-left:0px;margin-top:5px;margin-right:0px;margin-bottom:10px;margin-left:0px;}.kt-info-box1010_f77081-c3 .kt-infobox-textcontent .kt-blocks-info-box-text{color:var(--global-palette5, #4A5568);}.wp-block-kadence-infobox.kt-info-box1010_f77081-c3 .kt-blocks-info-box-text{font-size:var(--global-kb-font-size-sm, 0.9rem);}.kt-info-box1010_f77081-c3 .kt-blocks-info-box-learnmore{background:transparent;border-color:#555555;border-width:0px 0px 0px 0px;padding-top:4px;padding-right:8px;padding-bottom:4px;padding-left:8px;margin:10px 0px 10px 0px;}.kt-info-box1010_f77081-c3 .kt-blocks-info-box-link-wrap:hover .kt-blocks-info-box-learnmore{color:#ffffff;background:#444444;border-color:#444444;}<\/style>\n<div class=\"wp-block-kadence-infobox kt-info-box1010_f77081-c3\"><div class=\"kt-blocks-info-box-link-wrap kt-blocks-info-box-media-align-top kt-info-halign-center\"><div class=\"kt-blocks-info-box-media-container\"><div class=\"kt-blocks-info-box-media kt-info-media-animate-none\"><div class=\"kadence-info-box-icon-container kt-info-icon-animate-none\"><div class=\"kadence-info-box-icon-inner-container\"><span class=\"kb-svg-icon-wrap kb-svg-icon-fe_mail kt-info-svg-icon\"><svg viewBox=\"0 0 24 24\"  fill=\"none\" stroke=\"currentColor\" stroke-width=\"2\" stroke-linecap=\"round\" stroke-linejoin=\"round\" xmlns=\"http:\/\/www.w3.org\/2000\/svg\"  role=\"img\"><title>email<\/title><path d=\"M4 4h16c1.1 0 2 .9 2 2v12c0 1.1-.9 2-2 2H4c-1.1 0-2-.9-2-2V6c0-1.1.9-2 2-2z\"\/><polyline points=\"22,6 12,13 2,6\"\/><\/svg><\/span><\/div><\/div><\/div><\/div><div class=\"kt-infobox-textcontent\"><h6 class=\"kt-blocks-info-box-title\"><strong>E-mail<\/strong><\/h6><p class=\"kt-blocks-info-box-text\"><a href=\"mailto:\u0130nfo@embayotomat.com\">info@embayotomat.com<\/a><\/p><\/div><\/div><\/div>\n<\/div><\/div>\n\n\n<style>.kadence-column1010_751be5-2c > .kt-inside-inner-col{border-right:1px solid var(--global-palette8, #F7FAFC);border-left:1px solid var(--global-palette8, #F7FAFC);}.kadence-column1010_751be5-2c > .kt-inside-inner-col,.kadence-column1010_751be5-2c > .kt-inside-inner-col:before{border-top-left-radius:0px;border-top-right-radius:0px;border-bottom-right-radius:0px;border-bottom-left-radius:0px;}.kadence-column1010_751be5-2c > .kt-inside-inner-col{column-gap:var(--global-kb-gap-sm, 1rem);}.kadence-column1010_751be5-2c > .kt-inside-inner-col{flex-direction:column;}.kadence-column1010_751be5-2c > .kt-inside-inner-col > .aligncenter{width:100%;}.kadence-column1010_751be5-2c > .kt-inside-inner-col:before{opacity:0.3;}.kadence-column1010_751be5-2c{position:relative;}@media all and (max-width: 1024px){.kadence-column1010_751be5-2c > .kt-inside-inner-col{border-right:1px solid var(--global-palette8, #F7FAFC);border-left:1px solid var(--global-palette8, #F7FAFC);flex-direction:column;}}@media all and (max-width: 767px){.kadence-column1010_751be5-2c > .kt-inside-inner-col{border-right:1px solid var(--global-palette8, #F7FAFC);border-left:1px solid var(--global-palette8, #F7FAFC);flex-direction:column;}}<\/style>\n<div class=\"wp-block-kadence-column kadence-column1010_751be5-2c inner-column-2\"><div class=\"kt-inside-inner-col\"><style>.kt-info-box1010_c4142a-dc .kt-blocks-info-box-link-wrap{border-top-left-radius:0px;border-top-right-radius:0px;border-bottom-right-radius:0px;border-bottom-left-radius:0px;background:var(--global-palette9, #ffffff);padding-top:60px;padding-right:60px;padding-bottom:60px;padding-left:60px;margin-top:0px;margin-bottom:0px;}.kt-info-box1010_c4142a-dc .kt-blocks-info-box-link-wrap:hover{background:var(--global-palette8, #F7FAFC);}.kt-info-box1010_c4142a-dc .kadence-info-box-icon-container .kt-info-svg-icon, .kt-info-box1010_c4142a-dc .kt-info-svg-icon-flip, .kt-info-box1010_c4142a-dc .kt-blocks-info-box-number{font-size:30px;}.kt-info-box1010_c4142a-dc .kt-blocks-info-box-media{color:var(--global-palette9, #ffffff);background:var(--global-palette1, #3182CE);border-radius:200px;border-top-width:0px;border-right-width:0px;border-bottom-width:0px;border-left-width:0px;padding-top:20px;padding-right:20px;padding-bottom:20px;padding-left:20px;}.kt-info-box1010_c4142a-dc .kt-blocks-info-box-media-container{margin-top:0px;margin-right:15px;margin-bottom:10px;margin-left:15px;}.kt-info-box1010_c4142a-dc .kt-blocks-info-box-media .kadence-info-box-image-intrisic img{border-radius:200px;}.kt-info-box1010_c4142a-dc .kt-blocks-info-box-link-wrap:hover .kt-blocks-info-box-media{color:var(--global-palette9, #ffffff);background:var(--global-palette1, #3182CE);}.kt-info-box1010_c4142a-dc .kt-infobox-textcontent h6.kt-blocks-info-box-title{color:var(--global-palette3, #1A202C);padding-top:0px;padding-right:0px;padding-bottom:0px;padding-left:0px;margin-top:5px;margin-right:0px;margin-bottom:10px;margin-left:0px;}.kt-info-box1010_c4142a-dc .kt-infobox-textcontent .kt-blocks-info-box-text{color:var(--global-palette5, #4A5568);}.wp-block-kadence-infobox.kt-info-box1010_c4142a-dc .kt-blocks-info-box-text{font-size:var(--global-kb-font-size-sm, 0.9rem);}.kt-info-box1010_c4142a-dc .kt-blocks-info-box-learnmore{background:transparent;border-color:#555555;border-width:0px 0px 0px 0px;padding-top:4px;padding-right:8px;padding-bottom:4px;padding-left:8px;margin:10px 0px 10px 0px;}.kt-info-box1010_c4142a-dc .kt-blocks-info-box-link-wrap:hover .kt-blocks-info-box-learnmore{color:#ffffff;background:#444444;border-color:#444444;}<\/style>\n<div class=\"wp-block-kadence-infobox kt-info-box1010_c4142a-dc\"><div class=\"kt-blocks-info-box-link-wrap kt-blocks-info-box-media-align-top kt-info-halign-center\"><div class=\"kt-blocks-info-box-media-container\"><div class=\"kt-blocks-info-box-media kt-info-media-animate-none\"><div class=\"kadence-info-box-icon-container kt-info-icon-animate-none\"><div class=\"kadence-info-box-icon-inner-container\"><span class=\"kb-svg-icon-wrap kb-svg-icon-fe_map kt-info-svg-icon\"><svg viewBox=\"0 0 24 24\"  fill=\"none\" stroke=\"currentColor\" stroke-width=\"2\" stroke-linecap=\"round\" stroke-linejoin=\"round\" xmlns=\"http:\/\/www.w3.org\/2000\/svg\"  role=\"img\"><title>map<\/title><polygon points=\"1 6 1 22 8 18 16 22 23 18 23 2 16 6 8 2 1 6\"\/><line x1=\"8\" y1=\"2\" x2=\"8\" y2=\"18\"\/><line x1=\"16\" y1=\"6\" x2=\"16\" y2=\"22\"\/><\/svg><\/span><\/div><\/div><\/div><\/div><div class=\"kt-infobox-textcontent\"><h6 class=\"kt-blocks-info-box-title\"><strong>ADRES<\/strong><\/h6><p class=\"kt-blocks-info-box-text\">\u0130kitelli OSB Atat\u00fcrk Oto \u00dcnal \u0130\u015f Mrk. No:1 \u0130\u00e7 Kap\u0131 No:8<br\/>Ba\u015fak\u015fehir \/ \u0130stanbul<\/p><\/div><\/div><\/div>\n<\/div><\/div>\n\n\n<style>.kadence-column1010_b2eec8-bb > .kt-inside-inner-col,.kadence-column1010_b2eec8-bb > .kt-inside-inner-col:before{border-top-left-radius:0px;border-top-right-radius:0px;border-bottom-right-radius:0px;border-bottom-left-radius:0px;}.kadence-column1010_b2eec8-bb > .kt-inside-inner-col{column-gap:var(--global-kb-gap-sm, 1rem);}.kadence-column1010_b2eec8-bb > .kt-inside-inner-col{flex-direction:column;}.kadence-column1010_b2eec8-bb > .kt-inside-inner-col > .aligncenter{width:100%;}.kadence-column1010_b2eec8-bb > .kt-inside-inner-col:before{opacity:0.3;}.kadence-column1010_b2eec8-bb{position:relative;}@media all and (max-width: 1024px){.kadence-column1010_b2eec8-bb > .kt-inside-inner-col{flex-direction:column;}}@media all and (max-width: 767px){.kadence-column1010_b2eec8-bb > .kt-inside-inner-col{flex-direction:column;}}<\/style>\n<div class=\"wp-block-kadence-column kadence-column1010_b2eec8-bb inner-column-3\"><div class=\"kt-inside-inner-col\"><style>.kt-info-box1010_a42a22-66 .kt-blocks-info-box-link-wrap{border-top-left-radius:0px;border-top-right-radius:0px;border-bottom-right-radius:0px;border-bottom-left-radius:0px;background:var(--global-palette9, #ffffff);padding-top:60px;padding-right:60px;padding-bottom:60px;padding-left:60px;margin-top:0px;margin-bottom:0px;}.kt-info-box1010_a42a22-66 .kt-blocks-info-box-link-wrap:hover{background:var(--global-palette8, #F7FAFC);}.kt-info-box1010_a42a22-66 .kadence-info-box-icon-container .kt-info-svg-icon, .kt-info-box1010_a42a22-66 .kt-info-svg-icon-flip, .kt-info-box1010_a42a22-66 .kt-blocks-info-box-number{font-size:30px;}.kt-info-box1010_a42a22-66 .kt-blocks-info-box-media{color:var(--global-palette9, #ffffff);background:var(--global-palette1, #3182CE);border-radius:200px;border-top-width:0px;border-right-width:0px;border-bottom-width:0px;border-left-width:0px;padding-top:20px;padding-right:20px;padding-bottom:20px;padding-left:20px;}.kt-info-box1010_a42a22-66 .kt-blocks-info-box-media-container{margin-top:0px;margin-right:15px;margin-bottom:10px;margin-left:15px;}.kt-info-box1010_a42a22-66 .kt-blocks-info-box-media .kadence-info-box-image-intrisic img{border-radius:200px;}.kt-info-box1010_a42a22-66 .kt-blocks-info-box-link-wrap:hover .kt-blocks-info-box-media{color:var(--global-palette9, #ffffff);background:var(--global-palette1, #3182CE);}.kt-info-box1010_a42a22-66 .kt-infobox-textcontent h6.kt-blocks-info-box-title{color:var(--global-palette3, #1A202C);padding-top:0px;padding-right:0px;padding-bottom:0px;padding-left:0px;margin-top:5px;margin-right:0px;margin-bottom:10px;margin-left:0px;}.kt-info-box1010_a42a22-66 .kt-infobox-textcontent .kt-blocks-info-box-text{color:var(--global-palette5, #4A5568);}.kt-info-box1010_a42a22-66 .kt-blocks-info-box-learnmore{background:transparent;border-color:#555555;border-width:0px 0px 0px 0px;padding-top:4px;padding-right:8px;padding-bottom:4px;padding-left:8px;margin:10px 0px 10px 0px;}.kt-info-box1010_a42a22-66 .kt-blocks-info-box-link-wrap:hover .kt-blocks-info-box-learnmore{color:#ffffff;background:#444444;border-color:#444444;}<\/style>\n<div class=\"wp-block-kadence-infobox kt-info-box1010_a42a22-66\"><div class=\"kt-blocks-info-box-link-wrap kt-blocks-info-box-media-align-top kt-info-halign-center\"><div class=\"kt-blocks-info-box-media-container\"><div class=\"kt-blocks-info-box-media kt-info-media-animate-none\"><div class=\"kadence-info-box-icon-container kt-info-icon-animate-none\"><div class=\"kadence-info-box-icon-inner-container\"><span class=\"kb-svg-icon-wrap kb-svg-icon-fe_phone kt-info-svg-icon\"><svg viewBox=\"0 0 24 24\"  fill=\"none\" stroke=\"currentColor\" stroke-width=\"2\" stroke-linecap=\"round\" stroke-linejoin=\"round\" xmlns=\"http:\/\/www.w3.org\/2000\/svg\"  role=\"img\"><title>phone<\/title><path d=\"M22 16.92v3a2 2 0 0 1-2.18 2 19.79 19.79 0 0 1-8.63-3.07 19.5 19.5 0 0 1-6-6 19.79 19.79 0 0 1-3.07-8.67A2 2 0 0 1 4.11 2h3a2 2 0 0 1 2 1.72 12.84 12.84 0 0 0 .7 2.81 2 2 0 0 1-.45 2.11L8.09 9.91a16 16 0 0 0 6 6l1.27-1.27a2 2 0 0 1 2.11-.45 12.84 12.84 0 0 0 2.81.7A2 2 0 0 1 22 16.92z\"\/><\/svg><\/span><\/div><\/div><\/div><\/div><div class=\"kt-infobox-textcontent\"><h6 class=\"kt-blocks-info-box-title\"><strong>TELEFON<\/strong><\/h6><p class=\"kt-blocks-info-box-text\"><a href=\"tel:02128900614\">0 212 890 06 14<\/a><\/p><\/div><\/div><\/div>\n<\/div><\/div>\n\n\n<style>.kadence-column1010_a350f8-fe > .kt-inside-inner-col,.kadence-column1010_a350f8-fe > .kt-inside-inner-col:before{border-top-left-radius:0px;border-top-right-radius:0px;border-bottom-right-radius:0px;border-bottom-left-radius:0px;}.kadence-column1010_a350f8-fe > .kt-inside-inner-col{column-gap:var(--global-kb-gap-sm, 1rem);}.kadence-column1010_a350f8-fe > .kt-inside-inner-col{flex-direction:column;}.kadence-column1010_a350f8-fe > .kt-inside-inner-col > .aligncenter{width:100%;}.kadence-column1010_a350f8-fe > .kt-inside-inner-col:before{opacity:0.3;}.kadence-column1010_a350f8-fe{position:relative;}@media all and (max-width: 1024px){.kadence-column1010_a350f8-fe > .kt-inside-inner-col{flex-direction:column;}}@media all and (max-width: 767px){.kadence-column1010_a350f8-fe > .kt-inside-inner-col{flex-direction:column;}}<\/style>\n<div class=\"wp-block-kadence-column kadence-column1010_a350f8-fe inner-column-3\"><div class=\"kt-inside-inner-col\"><style>.kt-info-box1010_e22877-a6 .kt-blocks-info-box-link-wrap{border-top-left-radius:0px;border-top-right-radius:0px;border-bottom-right-radius:0px;border-bottom-left-radius:0px;background:var(--global-palette9, #ffffff);padding-top:60px;padding-right:60px;padding-bottom:60px;padding-left:60px;margin-top:0px;margin-bottom:0px;}.kt-info-box1010_e22877-a6 .kt-blocks-info-box-link-wrap:hover{background:var(--global-palette8, #F7FAFC);}.kt-info-box1010_e22877-a6 .kadence-info-box-icon-container .kt-info-svg-icon, .kt-info-box1010_e22877-a6 .kt-info-svg-icon-flip, .kt-info-box1010_e22877-a6 .kt-blocks-info-box-number{font-size:30px;}.kt-info-box1010_e22877-a6 .kt-blocks-info-box-media{color:var(--global-palette9, #ffffff);background:rgba(21,228,2,0.85);border-radius:200px;border-top-width:0px;border-right-width:0px;border-bottom-width:0px;border-left-width:0px;padding-top:20px;padding-right:20px;padding-bottom:20px;padding-left:20px;}.kt-info-box1010_e22877-a6 .kt-blocks-info-box-media-container{margin-top:0px;margin-right:15px;margin-bottom:10px;margin-left:15px;}.kt-info-box1010_e22877-a6 .kt-blocks-info-box-media .kadence-info-box-image-intrisic img{border-radius:200px;}.kt-info-box1010_e22877-a6 .kt-blocks-info-box-link-wrap:hover .kt-blocks-info-box-media{color:var(--global-palette9, #ffffff);background:var(--global-palette1, #3182CE);}.kt-info-box1010_e22877-a6 .kt-infobox-textcontent h6.kt-blocks-info-box-title{color:var(--global-palette3, #1A202C);padding-top:0px;padding-right:0px;padding-bottom:0px;padding-left:0px;margin-top:5px;margin-right:0px;margin-bottom:10px;margin-left:0px;}.kt-info-box1010_e22877-a6 .kt-infobox-textcontent .kt-blocks-info-box-text{color:var(--global-palette5, #4A5568);}.kt-info-box1010_e22877-a6 .kt-blocks-info-box-learnmore{background:transparent;border-color:#555555;border-width:0px 0px 0px 0px;padding-top:4px;padding-right:8px;padding-bottom:4px;padding-left:8px;margin:10px 0px 10px 0px;}.kt-info-box1010_e22877-a6 .kt-blocks-info-box-link-wrap:hover .kt-blocks-info-box-learnmore{color:#ffffff;background:#444444;border-color:#444444;}<\/style>\n<div class=\"wp-block-kadence-infobox kt-info-box1010_e22877-a6\"><div class=\"kt-blocks-info-box-link-wrap kt-blocks-info-box-media-align-top kt-info-halign-center\"><div class=\"kt-blocks-info-box-media-container\"><div class=\"kt-blocks-info-box-media kt-info-media-animate-none\"><div class=\"kadence-info-box-icon-container kt-info-icon-animate-none\"><div class=\"kadence-info-box-icon-inner-container\"><span class=\"kb-svg-icon-wrap kb-svg-icon-fa_whatsapp kt-info-svg-icon\"><svg viewBox=\"0 0 448 512\"  fill=\"currentColor\" xmlns=\"http:\/\/www.w3.org\/2000\/svg\"  role=\"img\"><title>phone<\/title><path d=\"M380.9 97.1C339 55.1 283.2 32 223.9 32c-122.4 0-222 99.6-222 222 0 39.1 10.2 77.3 29.6 111L0 480l117.7-30.9c32.4 17.7 68.9 27 106.1 27h.1c122.3 0 224.1-99.6 224.1-222 0-59.3-25.2-115-67.1-157zm-157 341.6c-33.2 0-65.7-8.9-94-25.7l-6.7-4-69.8 18.3L72 359.2l-4.4-7c-18.5-29.4-28.2-63.3-28.2-98.2 0-101.7 82.8-184.5 184.6-184.5 49.3 0 95.6 19.2 130.4 54.1 34.8 34.9 56.2 81.2 56.1 130.5 0 101.8-84.9 184.6-186.6 184.6zm101.2-138.2c-5.5-2.8-32.8-16.2-37.9-18-5.1-1.9-8.8-2.8-12.5 2.8-3.7 5.6-14.3 18-17.6 21.8-3.2 3.7-6.5 4.2-12 1.4-32.6-16.3-54-29.1-75.5-66-5.7-9.8 5.7-9.1 16.3-30.3 1.8-3.7.9-6.9-.5-9.7-1.4-2.8-12.5-30.1-17.1-41.2-4.5-10.8-9.1-9.3-12.5-9.5-3.2-.2-6.9-.2-10.6-.2-3.7 0-9.7 1.4-14.8 6.9-5.1 5.6-19.4 19-19.4 46.3 0 27.3 19.9 53.7 22.6 57.4 2.8 3.7 39.1 59.7 94.8 83.8 35.2 15.2 49 16.5 66.6 13.9 10.7-1.6 32.8-13.4 37.4-26.4 4.6-13 4.6-24.1 3.2-26.4-1.3-2.5-5-3.9-10.5-6.6z\"\/><\/svg><\/span><\/div><\/div><\/div><\/div><div class=\"kt-infobox-textcontent\"><h6 class=\"kt-blocks-info-box-title\"><strong>WHATSAPP<\/strong><\/h6><p class=\"kt-blocks-info-box-text\"><a href=\"https:\/\/wa.me\/905335936521\" data-type=\"link\" data-id=\"https:\/\/wa.me\/905335956521\" target=\"_blank\" rel=\"noreferrer noopener\">0 533 593 65 21<\/a><\/p><\/div><\/div><\/div>\n<\/div><\/div>\n\n\n<style>.kadence-column1010_cf0048-a6 > .kt-inside-inner-col,.kadence-column1010_cf0048-a6 > .kt-inside-inner-col:before{border-top-left-radius:0px;border-top-right-radius:0px;border-bottom-right-radius:0px;border-bottom-left-radius:0px;}.kadence-column1010_cf0048-a6 > .kt-inside-inner-col{column-gap:var(--global-kb-gap-sm, 1rem);}.kadence-column1010_cf0048-a6 > .kt-inside-inner-col{flex-direction:column;}.kadence-column1010_cf0048-a6 > .kt-inside-inner-col > .aligncenter{width:100%;}.kadence-column1010_cf0048-a6 > .kt-inside-inner-col:before{opacity:0.3;}.kadence-column1010_cf0048-a6{position:relative;}@media all and (max-width: 1024px){.kadence-column1010_cf0048-a6 > .kt-inside-inner-col{flex-direction:column;}}@media all and (max-width: 767px){.kadence-column1010_cf0048-a6 > .kt-inside-inner-col{flex-direction:column;}}<\/style>\n<div class=\"wp-block-kadence-column kadence-column1010_cf0048-a6\"><div class=\"kt-inside-inner-col\"><\/div><\/div>\n\n<\/div><\/div>\n\n<style>.kb-google-maps-container1010_824a59-13{height:450px;}.kb-google-maps-container1010_824a59-13{filter:grayscale(100%);}<\/style><div class=\"kb-google-maps-container kb-google-maps-container1010_824a59-13  wp-block-kadence-googlemaps\" data-mapid=\"1010_824a59-13\"><iframe width=\"100%\" height=\"100%\"\n\t\t\t\t\t\t\tstyle=\"border:0\" loading=\"lazy\"\n\t\t\t\t\t\t\tsrc=\"https:\/\/www.google.com\/maps\/embed\/v1\/place?key=AIzaSyBAM2o7PiQqwk15LC1XRH2e_KJ-jUa7KYk&#038;zoom=11&#038;maptype=roadmap&#038;q=41.085590%2C+28.790421\"\n\t\t\t\t\t\t\ttitle=\"Google map of 41.085590, 28.790421\"><\/iframe><\/div><script>function kb_google_map1010_824a59_13() { let center = { lat: 37.8201, lng: -122.4781}; let map = new google.maps.Map(document.getElementById(\"kb-google-map1010_824a59-13\"), {\n\t\t\t\t\t    zoom: 11,\n\t\t\t\t\t    center: center,});let marker = new google.maps.Marker({   position: { lat: 37.8201, lng: -122.4781},    map: map,  });}<\/script>","protected":false},"excerpt":{"rendered":"<p>B\u0130ZE ULA\u015eIN<\/p>\n","protected":false},"author":1,"featured_media":969,"parent":0,"menu_order":0,"comment_status":"closed","ping_status":"closed","template":"","meta":{"_kadence_starter_templates_imported_post":true,"_kad_post_transparent":"","_kad_post_title":"hide","_kad_post_layout":"fullwidth","_kad_post_sidebar_id":"","_kad_post_content_style":"unboxed","_kad_post_vertical_padding":"hide","_kad_post_feature":"hide","_kad_post_feature_position":"","_kad_post_header":false,"_kad_post_footer":false,"footnotes":""},"_links":{"self":[{"href":"https:\/\/embayotomat.com\/index.php?rest_route=\/wp\/v2\/pages\/1010"}],"collection":[{"href":"https:\/\/embayotomat.com\/index.php?rest_route=\/wp\/v2\/pages"}],"about":[{"href":"https:\/\/embayotomat.com\/index.php?rest_route=\/wp\/v2\/types\/page"}],"author":[{"embeddable":true,"href":"https:\/\/embayotomat.com\/index.php?rest_route=\/wp\/v2\/users\/1"}],"replies":[{"embeddable":true,"href":"https:\/\/embayotomat.com\/index.php?rest_route=%2Fwp%2Fv2%2Fcomments&post=1010"}],"version-history":[{"count":15,"href":"https:\/\/embayotomat.com\/index.php?rest_route=\/wp\/v2\/pages\/1010\/revisions"}],"predecessor-version":[{"id":1160,"href":"https:\/\/embayotomat.com\/index.php?rest_route=\/wp\/v2\/pages\/1010\/revisions\/1160"}],"wp:featuredmedia":[{"embeddable":true,"href":"https:\/\/embayotomat.com\/index.php?rest_route=\/wp\/v2\/media\/969"}],"wp:attachment":[{"href":"https:\/\/embayotomat.com\/index.php?rest_route=%2Fwp%2Fv2%2Fmedia&parent=1010"}],"curies":[{"name":"wp","href":"https:\/\/api.w.org\/{rel}","templated":true}]}}